{"id":3282,"date":"2016-10-03T18:15:47","date_gmt":"2016-10-03T16:15:47","guid":{"rendered":"https:\/\/immomg-es.com\/sobre-mi\/"},"modified":"2025-10-06T17:32:22","modified_gmt":"2025-10-06T15:32:22","slug":"sobre-mi","status":"publish","type":"page","link":"https:\/\/immomg-es.com\/es\/sobre-mi\/","title":{"rendered":"Sobre m\u00ed"},"content":{"rendered":"\t\t<div data-elementor-type=\"wp-post\" data-elementor-id=\"3282\" class=\"elementor elementor-3282 elementor-2106\">\n\t\t\t\t<div class=\"elementor-element elementor-element-687b25e e-flex e-con-boxed e-con e-parent\" data-id=\"687b25e\" data-element_type=\"container\" data-e-type=\"container\">\n\t\t\t\t\t<div class=\"e-con-inner\">\n\t\t\t\t<div class=\"elementor-element elementor-element-74e83d3 elementor-widget elementor-widget-spacer\" data-id=\"74e83d3\" data-element_type=\"widget\" data-e-type=\"widget\" data-widget_type=\"spacer.default\">\n\t\t\t\t<div class=\"elementor-widget-container\">\n\t\t\t\t\t\t\t<div class=\"elementor-spacer\">\n\t\t\t<div class=\"elementor-spacer-inner\"><\/div>\n\t\t<\/div>\n\t\t\t\t\t\t<\/div>\n\t\t\t\t<\/div>\n\t\t\t\t\t<\/div>\n\t\t\t\t<\/div>\n\t\t<div class=\"elementor-element elementor-element-52847ea e-flex e-con-boxed e-con e-parent\" data-id=\"52847ea\" data-element_type=\"container\" data-e-type=\"container\">\n\t\t\t\t\t<div class=\"e-con-inner\">\n\t\t\t\t<div class=\"elementor-element elementor-element-f54311f elementor-widget elementor-widget-heading\" data-id=\"f54311f\" data-element_type=\"widget\" data-e-type=\"widget\" data-widget_type=\"heading.default\">\n\t\t\t\t<div class=\"elementor-widget-container\">\n\t\t\t\t\t<h2 class=\"elementor-heading-title elementor-size-xxl\">C\u00f3mo trabajo<\/h2>\t\t\t\t<\/div>\n\t\t\t\t<\/div>\n\t\t\t\t\t<\/div>\n\t\t\t\t<\/div>\n\t\t<div class=\"elementor-element elementor-element-8c178e7 e-flex e-con-boxed e-con e-parent\" data-id=\"8c178e7\" data-element_type=\"container\" data-e-type=\"container\">\n\t\t\t\t\t<div class=\"e-con-inner\">\n\t\t<div class=\"elementor-element elementor-element-a52fbae e-con-full e-flex e-con e-child\" data-id=\"a52fbae\" data-element_type=\"container\" data-e-type=\"container\">\n\t\t\t\t<div class=\"elementor-element elementor-element-8ff01f2 elementor-widget__width-initial elementor-widget elementor-widget-text-editor\" data-id=\"8ff01f2\" data-element_type=\"widget\" data-e-type=\"widget\" data-widget_type=\"text-editor.default\">\n\t\t\t\t<div class=\"elementor-widget-container\">\n\t\t\t\t\t\t\t\t\t<h4 style=\"font-family: Lato;\">Mi conocimiento del mercado inmobiliario de la Costa Brava me permite ofrecerle un asesoramiento s\u00f3lido y recomendaciones personalizadas.<\/h4><h4 style=\"font-family: Lato;\">Estoy aqu\u00ed para apoyarle, responder a sus preguntas y prestarle un servicio durante e incluso despu\u00e9s de la transacci\u00f3n, ayud\u00e1ndole con detalles administrativos como la obtenci\u00f3n de un NIE, la apertura de una cuenta bancaria y acompa\u00f1\u00e1ndole a la notar\u00eda. Adem\u00e1s, me aseguro de que los tr\u00e1mites relacionados con los servicios p\u00fablicos, como los cambios de agua y electricidad, se tramiten con eficacia.<\/h4><h4 style=\"font-family: Lato;\">Por \u00faltimo, creo que la confianza es la piedra angular del \u00e9xito de cualquier relaci\u00f3n profesional. Por ello, me comprometo a ser transparente, honesto y a actuar con integridad en todas las fases del proceso.<\/h4><h4 style=\"font-family: Lato;\">Venga a descubrir la Costa Brava conmigo. Ser\u00e1 un verdadero placer para m\u00ed hablar de sus deseos y necesidades y crear relaciones duraderas ofreci\u00e9ndole un servicio personalizado.<\/h4><h4 style=\"font-family: Lato;\">Estoy deseando ayudarle a hacer realidad sus planes en Espa\u00f1a.<\/h4><h4 style=\"font-family: Lato;\">Hasta pronto.<\/h4><h4 style=\"font-family: Lato;\">Magaly Grastilleur<\/h4>\t\t\t\t\t\t\t\t<\/div>\n\t\t\t\t<\/div>\n\t\t\t\t<\/div>\n\t\t<div class=\"elementor-element elementor-element-5b6a379 e-con-full e-flex e-con e-child\" data-id=\"5b6a379\" data-element_type=\"container\" data-e-type=\"container\">\n\t\t\t\t<div class=\"elementor-element elementor-element-93553f1 elementor-widget elementor-widget-image\" data-id=\"93553f1\" data-element_type=\"widget\" data-e-type=\"widget\" data-widget_type=\"image.default\">\n\t\t\t\t<div class=\"elementor-widget-container\">\n\t\t\t\t\t\t\t\t\t\t\t\t\t\t\t<img fetchpriority=\"high\" decoding=\"async\" width=\"685\" height=\"1024\" src=\"https:\/\/immomg-es.com\/wp-content\/uploads\/2024\/01\/WhatsApp-Image-2024-01-27-at-17.29.17-1-685x1024.jpeg\" class=\"attachment-large size-large wp-image-2909\" alt=\"\" srcset=\"https:\/\/immomg-es.com\/wp-content\/uploads\/2024\/01\/WhatsApp-Image-2024-01-27-at-17.29.17-1-685x1024.jpeg 685w, https:\/\/immomg-es.com\/wp-content\/uploads\/2024\/01\/WhatsApp-Image-2024-01-27-at-17.29.17-1-201x300.jpeg 201w, https:\/\/immomg-es.com\/wp-content\/uploads\/2024\/01\/WhatsApp-Image-2024-01-27-at-17.29.17-1-768x1147.jpeg 768w, https:\/\/immomg-es.com\/wp-content\/uploads\/2024\/01\/WhatsApp-Image-2024-01-27-at-17.29.17-1-1028x1536.jpeg 1028w, https:\/\/immomg-es.com\/wp-content\/uploads\/2024\/01\/WhatsApp-Image-2024-01-27-at-17.29.17-1-402x600.jpeg 402w, https:\/\/immomg-es.com\/wp-content\/uploads\/2024\/01\/WhatsApp-Image-2024-01-27-at-17.29.17-1-496x741.jpeg 496w, https:\/\/immomg-es.com\/wp-content\/uploads\/2024\/01\/WhatsApp-Image-2024-01-27-at-17.29.17-1.jpeg 1071w\" sizes=\"(max-width: 685px) 100vw, 685px\" \/>\t\t\t\t\t\t\t\t\t\t\t\t\t\t\t<\/div>\n\t\t\t\t<\/div>\n\t\t\t\t<\/div>\n\t\t\t\t\t<\/div>\n\t\t\t\t<\/div>\n\t\t<div class=\"elementor-element elementor-element-aa6cbda e-flex e-con-boxed e-con e-parent\" data-id=\"aa6cbda\" data-element_type=\"container\" data-e-type=\"container\">\n\t\t\t\t\t<div class=\"e-con-inner\">\n\t\t\t\t<div class=\"elementor-element elementor-element-f4f5ee3 elementor-widget elementor-widget-spacer\" data-id=\"f4f5ee3\" data-element_type=\"widget\" data-e-type=\"widget\" data-widget_type=\"spacer.default\">\n\t\t\t\t<div class=\"elementor-widget-container\">\n\t\t\t\t\t\t\t<div class=\"elementor-spacer\">\n\t\t\t<div class=\"elementor-spacer-inner\"><\/div>\n\t\t<\/div>\n\t\t\t\t\t\t<\/div>\n\t\t\t\t<\/div>\n\t\t\t\t\t<\/div>\n\t\t\t\t<\/div>\n\t\t<div class=\"elementor-element elementor-element-8807520 e-flex e-con-boxed e-con e-parent\" data-id=\"8807520\" data-element_type=\"container\" data-e-type=\"container\" data-settings=\"{&quot;background_background&quot;:&quot;classic&quot;}\">\n\t\t\t\t\t<div class=\"e-con-inner\">\n\t\t<div class=\"elementor-element elementor-element-b05ff21 e-con-full e-flex e-con e-child\" data-id=\"b05ff21\" data-element_type=\"container\" data-e-type=\"container\">\n\t\t\t\t<div class=\"elementor-element elementor-element-72b5a13 elementor-widget elementor-widget-image\" data-id=\"72b5a13\" data-element_type=\"widget\" data-e-type=\"widget\" data-widget_type=\"image.default\">\n\t\t\t\t<div class=\"elementor-widget-container\">\n\t\t\t\t\t\t\t\t\t\t\t\t\t\t\t<img decoding=\"async\" width=\"673\" height=\"1024\" src=\"https:\/\/immomg-es.com\/wp-content\/uploads\/2025\/07\/IMG_2493-673x1024.jpg\" class=\"attachment-large size-large wp-image-8269\" alt=\"\" srcset=\"https:\/\/immomg-es.com\/wp-content\/uploads\/2025\/07\/IMG_2493-673x1024.jpg 673w, https:\/\/immomg-es.com\/wp-content\/uploads\/2025\/07\/IMG_2493-197x300.jpg 197w, https:\/\/immomg-es.com\/wp-content\/uploads\/2025\/07\/IMG_2493-768x1168.jpg 768w, https:\/\/immomg-es.com\/wp-content\/uploads\/2025\/07\/IMG_2493-395x600.jpg 395w, https:\/\/immomg-es.com\/wp-content\/uploads\/2025\/07\/IMG_2493-496x754.jpg 496w, https:\/\/immomg-es.com\/wp-content\/uploads\/2025\/07\/IMG_2493.jpg 828w\" sizes=\"(max-width: 673px) 100vw, 673px\" \/>\t\t\t\t\t\t\t\t\t\t\t\t\t\t\t<\/div>\n\t\t\t\t<\/div>\n\t\t\t\t<\/div>\n\t\t<div class=\"elementor-element elementor-element-5c1e0ec e-con-full e-flex e-con e-child\" data-id=\"5c1e0ec\" data-element_type=\"container\" data-e-type=\"container\">\n\t\t\t\t<div class=\"elementor-element elementor-element-48e98d0 elementor-widget elementor-widget-text-editor\" data-id=\"48e98d0\" data-element_type=\"widget\" data-e-type=\"widget\" data-widget_type=\"text-editor.default\">\n\t\t\t\t<div class=\"elementor-widget-container\">\n\t\t\t\t\t\t\t\t\t<h1>Sobre m\u00ed<\/h1>\n<div class=\"page\" title=\"P\u00e1gina 1\">\n<div class=\"section\">\n<div class=\"layoutArea\">\n<div class=\"column\">\n<h4 style=\"font-family: Lato;\">\u00a1Bienvenido a mi p\u00e1gina inmobiliaria dedicada a la Costa Brava!<br \/>Estoy orgulloso y encantado de poder ayudarle a hacer realidad sus sue\u00f1os inmobiliarios en esta magn\u00edfica regi\u00f3n.<\/h4>\n<h4 style=\"font-family: Lato;\">Tras obtener el t\u00edtulo de agente inmobiliario, cuento con varios a\u00f1os de experiencia en el sector y utilizo mis habilidades para ayudarle en cada etapa de su viaje inmobiliario.<\/h4>\n<h4 style=\"font-family: Lato;\">Mi compromiso va mucho m\u00e1s all\u00e1 de la simple transacci\u00f3n; estoy aqu\u00ed para guiarle de principio a fin, garantizando una experiencia sin complicaciones y un proceso transparente. <\/h4>\n<h4 style=\"font-family: Lato;\">Tanto si busca una vivienda habitual, una segunda residencia o una inversi\u00f3n inmobiliaria, mi principal objetivo es facilitarle al m\u00e1ximo esta compra para ayudarle a encontrar la propiedad ideal.<\/h4>\n<h4><strong>Magaly Grastilleur<\/strong><\/h4>\n<\/div>\n<\/div>\n<\/div>\n<\/div>\n\t\t\t\t\t\t\t\t<\/div>\n\t\t\t\t<\/div>\n\t\t\t\t<\/div>\n\t\t\t\t\t<\/div>\n\t\t\t\t<\/div>\n\t\t<div class=\"elementor-element elementor-element-062aaa9 e-flex e-con-boxed e-con e-parent\" data-id=\"062aaa9\" data-element_type=\"container\" data-e-type=\"container\" data-settings=\"{&quot;background_background&quot;:&quot;classic&quot;}\">\n\t\t\t\t\t<div class=\"e-con-inner\">\n\t\t\t\t<div class=\"elementor-element elementor-element-04006fe elementor-widget elementor-widget-spacer\" data-id=\"04006fe\" data-element_type=\"widget\" data-e-type=\"widget\" data-widget_type=\"spacer.default\">\n\t\t\t\t<div class=\"elementor-widget-container\">\n\t\t\t\t\t\t\t<div class=\"elementor-spacer\">\n\t\t\t<div class=\"elementor-spacer-inner\"><\/div>\n\t\t<\/div>\n\t\t\t\t\t\t<\/div>\n\t\t\t\t<\/div>\n\t\t\t\t\t<\/div>\n\t\t\t\t<\/div>\n\t\t<div class=\"elementor-element elementor-element-bc1ddde e-flex e-con-boxed e-con e-parent\" data-id=\"bc1ddde\" data-element_type=\"container\" data-e-type=\"container\" data-settings=\"{&quot;background_background&quot;:&quot;classic&quot;}\">\n\t\t\t\t\t<div class=\"e-con-inner\">\n\t\t\t\t<div class=\"elementor-element elementor-element-f7a2dde elementor-widget elementor-widget-heading\" data-id=\"f7a2dde\" data-element_type=\"widget\" data-e-type=\"widget\" data-widget_type=\"heading.default\">\n\t\t\t\t<div class=\"elementor-widget-container\">\n\t\t\t\t\t<h2 class=\"elementor-heading-title elementor-size-default\">Comentarios de mis clientes<\/h2>\t\t\t\t<\/div>\n\t\t\t\t<\/div>\n\t\t\t\t\t<\/div>\n\t\t\t\t<\/div>\n\t\t<div class=\"elementor-element elementor-element-3623830 e-flex e-con-boxed e-con e-parent\" data-id=\"3623830\" data-element_type=\"container\" data-e-type=\"container\" data-settings=\"{&quot;background_background&quot;:&quot;classic&quot;}\">\n\t\t\t\t\t<div class=\"e-con-inner\">\n\t\t\t\t<div class=\"elementor-element elementor-element-4d01d4a elementor-widget__width-initial elementor-widget elementor-widget-testimonial\" data-id=\"4d01d4a\" data-element_type=\"widget\" data-e-type=\"widget\" data-widget_type=\"testimonial.default\">\n\t\t\t\t<div class=\"elementor-widget-container\">\n\t\t\t\t\t\t\t<div class=\"elementor-testimonial-wrapper\">\n\t\t\t\t\t\t\t<div class=\"elementor-testimonial-content\">Muy buena profesional que escucha a su cliente, entiende sus expectativas y ayuda en el proceso. Disponible +<\/div>\n\t\t\t\n\t\t\t\t\t\t<div class=\"elementor-testimonial-meta elementor-has-image elementor-testimonial-image-position-top\">\n\t\t\t\t<div class=\"elementor-testimonial-meta-inner\">\n\t\t\t\t\t\t\t\t\t\t\t<div class=\"elementor-testimonial-image\">\n\t\t\t\t\t\t\t<img decoding=\"async\" width=\"1024\" height=\"768\" src=\"https:\/\/immomg-es.com\/wp-content\/uploads\/2024\/01\/Page-Home.jpeg\" class=\"attachment-full size-full wp-image-3257\" alt=\"\" srcset=\"https:\/\/immomg-es.com\/wp-content\/uploads\/2024\/01\/Page-Home.jpeg 1024w, https:\/\/immomg-es.com\/wp-content\/uploads\/2024\/01\/Page-Home-300x225.jpeg 300w, https:\/\/immomg-es.com\/wp-content\/uploads\/2024\/01\/Page-Home-768x576.jpeg 768w, https:\/\/immomg-es.com\/wp-content\/uploads\/2024\/01\/Page-Home-592x444.jpeg 592w, https:\/\/immomg-es.com\/wp-content\/uploads\/2024\/01\/Page-Home-584x438.jpeg 584w, https:\/\/immomg-es.com\/wp-content\/uploads\/2024\/01\/Page-Home-800x600.jpeg 800w, https:\/\/immomg-es.com\/wp-content\/uploads\/2024\/01\/Page-Home-120x90.jpeg 120w, https:\/\/immomg-es.com\/wp-content\/uploads\/2024\/01\/Page-Home-496x372.jpeg 496w\" sizes=\"(max-width: 1024px) 100vw, 1024px\" \/>\t\t\t\t\t\t<\/div>\n\t\t\t\t\t\n\t\t\t\t\t\t\t\t\t\t<div class=\"elementor-testimonial-details\">\n\t\t\t\t\t\t\t\t\t\t\t\t\t\t<div class=\"elementor-testimonial-name\">Fran\u00e7oise<\/div>\n\t\t\t\t\t\t\t\t\t\t\t\t\t\t\t\t\t\t\t<\/div>\n\t\t\t\t\t\t\t\t\t<\/div>\n\t\t\t<\/div>\n\t\t\t\t\t<\/div>\n\t\t\t\t\t\t<\/div>\n\t\t\t\t<\/div>\n\t\t\t\t<div class=\"elementor-element elementor-element-4811949 elementor-widget elementor-widget-testimonial\" data-id=\"4811949\" data-element_type=\"widget\" data-e-type=\"widget\" data-widget_type=\"testimonial.default\">\n\t\t\t\t<div class=\"elementor-widget-container\">\n\t\t\t\t\t\t\t<div class=\"elementor-testimonial-wrapper\">\n\t\t\t\t\t\t\t<div class=\"elementor-testimonial-content\">Sue\u00f1a con comprar una propiedad en la Costa Brava pero necesita ayuda, Madame Grastilleur puede ofrecerle sus servicios para la b\u00fasqueda de la propiedad, la negociaci\u00f3n y el seguimiento de la transacci\u00f3n. Conoce muy bien su sector y el proceso de adquisici\u00f3n. Segu\u00ed su consejo y no me arrepiento.<\/div>\n\t\t\t\n\t\t\t\t\t\t<div class=\"elementor-testimonial-meta elementor-has-image elementor-testimonial-image-position-top\">\n\t\t\t\t<div class=\"elementor-testimonial-meta-inner\">\n\t\t\t\t\t\t\t\t\t\t\t<div class=\"elementor-testimonial-image\">\n\t\t\t\t\t\t\t<img loading=\"lazy\" decoding=\"async\" width=\"398\" height=\"510\" src=\"https:\/\/immomg-es.com\/wp-content\/uploads\/2024\/05\/Capture-decran-2024-05-25-a-11.52.12.png\" class=\"attachment-full size-full wp-image-5953\" alt=\"\" srcset=\"https:\/\/immomg-es.com\/wp-content\/uploads\/2024\/05\/Capture-decran-2024-05-25-a-11.52.12.png 398w, https:\/\/immomg-es.com\/wp-content\/uploads\/2024\/05\/Capture-decran-2024-05-25-a-11.52.12-234x300.png 234w\" sizes=\"(max-width: 398px) 100vw, 398px\" \/>\t\t\t\t\t\t<\/div>\n\t\t\t\t\t\n\t\t\t\t\t\t\t\t\t\t<div class=\"elementor-testimonial-details\">\n\t\t\t\t\t\t\t\t\t\t\t\t\t\t<div class=\"elementor-testimonial-name\">Emmanuel<\/div>\n\t\t\t\t\t\t\t\t\t\t\t\t\t\t\t\t\t\t\t<\/div>\n\t\t\t\t\t\t\t\t\t<\/div>\n\t\t\t<\/div>\n\t\t\t\t\t<\/div>\n\t\t\t\t\t\t<\/div>\n\t\t\t\t<\/div>\n\t\t\t\t<div class=\"elementor-element elementor-element-2b520d1 elementor-widget__width-initial elementor-widget elementor-widget-testimonial\" data-id=\"2b520d1\" data-element_type=\"widget\" data-e-type=\"widget\" data-widget_type=\"testimonial.default\">\n\t\t\t\t<div class=\"elementor-widget-container\">\n\t\t\t\t\t\t\t<div class=\"elementor-testimonial-wrapper\">\n\t\t\t\t\t\t\t<div class=\"elementor-testimonial-content\">\u00a1Muy profesional! Persona confiable, lo recomiendo 100%.<\/div>\n\t\t\t\n\t\t\t\t\t\t<div class=\"elementor-testimonial-meta elementor-has-image elementor-testimonial-image-position-top\">\n\t\t\t\t<div class=\"elementor-testimonial-meta-inner\">\n\t\t\t\t\t\t\t\t\t\t\t<div class=\"elementor-testimonial-image\">\n\t\t\t\t\t\t\t<img loading=\"lazy\" decoding=\"async\" width=\"508\" height=\"610\" src=\"https:\/\/immomg-es.com\/wp-content\/uploads\/2024\/05\/Capture-decran-2024-05-25-a-11.49.02.png\" class=\"attachment-full size-full wp-image-5946\" alt=\"\" srcset=\"https:\/\/immomg-es.com\/wp-content\/uploads\/2024\/05\/Capture-decran-2024-05-25-a-11.49.02.png 508w, https:\/\/immomg-es.com\/wp-content\/uploads\/2024\/05\/Capture-decran-2024-05-25-a-11.49.02-250x300.png 250w, https:\/\/immomg-es.com\/wp-content\/uploads\/2024\/05\/Capture-decran-2024-05-25-a-11.49.02-500x600.png 500w, https:\/\/immomg-es.com\/wp-content\/uploads\/2024\/05\/Capture-decran-2024-05-25-a-11.49.02-496x596.png 496w\" sizes=\"(max-width: 508px) 100vw, 508px\" \/>\t\t\t\t\t\t<\/div>\n\t\t\t\t\t\n\t\t\t\t\t\t\t\t\t\t<div class=\"elementor-testimonial-details\">\n\t\t\t\t\t\t\t\t\t\t\t\t\t\t<div class=\"elementor-testimonial-name\">G\u00e9raldine<\/div>\n\t\t\t\t\t\t\t\t\t\t\t\t\t\t\t\t\t\t\t<\/div>\n\t\t\t\t\t\t\t\t\t<\/div>\n\t\t\t<\/div>\n\t\t\t\t\t<\/div>\n\t\t\t\t\t\t<\/div>\n\t\t\t\t<\/div>\n\t\t\t\t\t<\/div>\n\t\t\t\t<\/div>\n\t\t<div class=\"elementor-element elementor-element-227930b e-flex e-con-boxed e-con e-parent\" data-id=\"227930b\" data-element_type=\"container\" data-e-type=\"container\">\n\t\t\t\t\t<div class=\"e-con-inner\">\n\t\t\t\t<div class=\"elementor-element elementor-element-cffa97c elementor-widget elementor-widget-spacer\" data-id=\"cffa97c\" data-element_type=\"widget\" data-e-type=\"widget\" data-widget_type=\"spacer.default\">\n\t\t\t\t<div class=\"elementor-widget-container\">\n\t\t\t\t\t\t\t<div class=\"elementor-spacer\">\n\t\t\t<div class=\"elementor-spacer-inner\"><\/div>\n\t\t<\/div>\n\t\t\t\t\t\t<\/div>\n\t\t\t\t<\/div>\n\t\t\t\t<div class=\"elementor-element elementor-element-c39cd92 elementor-widget elementor-widget-google_maps\" data-id=\"c39cd92\" data-element_type=\"widget\" data-e-type=\"widget\" data-widget_type=\"google_maps.default\">\n\t\t\t\t<div class=\"elementor-widget-container\">\n\t\t\t\t\t\t\t<div class=\"elementor-custom-embed\">\n\t\t\t<iframe loading=\"lazy\"\n\t\t\t\t\tsrc=\"https:\/\/maps.google.com\/maps?q=Costa%20brava&#038;t=m&#038;z=10&#038;output=embed&#038;iwloc=near\"\n\t\t\t\t\ttitle=\"Costa brava\"\n\t\t\t\t\taria-label=\"Costa brava\"\n\t\t\t><\/iframe>\n\t\t<\/div>\n\t\t\t\t\t\t<\/div>\n\t\t\t\t<\/div>\n\t\t\t\t\t<\/div>\n\t\t\t\t<\/div>\n\t\t<div class=\"elementor-element elementor-element-3afefce e-flex e-con-boxed e-con e-parent\" data-id=\"3afefce\" data-element_type=\"container\" data-e-type=\"container\">\n\t\t\t\t\t<div class=\"e-con-inner\">\n\t\t\t\t<div class=\"elementor-element elementor-element-476357e elementor-widget elementor-widget-spacer\" data-id=\"476357e\" data-element_type=\"widget\" data-e-type=\"widget\" data-widget_type=\"spacer.default\">\n\t\t\t\t<div class=\"elementor-widget-container\">\n\t\t\t\t\t\t\t<div class=\"elementor-spacer\">\n\t\t\t<div class=\"elementor-spacer-inner\"><\/div>\n\t\t<\/div>\n\t\t\t\t\t\t<\/div>\n\t\t\t\t<\/div>\n\t\t\t\t\t<\/div>\n\t\t\t\t<\/div>\n\t\t<div class=\"elementor-element elementor-element-c2bedc4 e-flex e-con-boxed e-con e-parent\" data-id=\"c2bedc4\" data-element_type=\"container\" data-e-type=\"container\">\n\t\t\t\t\t<div class=\"e-con-inner\">\n\t\t\t\t<div class=\"elementor-element elementor-element-8aa4050 elementor-button-align-stretch elementor-widget elementor-widget-houzez_elementor_contact_form\" data-id=\"8aa4050\" data-element_type=\"widget\" data-e-type=\"widget\" data-widget_type=\"houzez_elementor_contact_form.default\">\n\t\t\t\t<div class=\"elementor-widget-container\">\n\t\t\t\t\t\n        <script type=\"application\/javascript\">\n            jQuery(document).bind(\"ready\", function () {\n                houzezValidateElementor(\"#houzez-form-8aa4050\" );\n            });\n        <\/script>\n\n        <form class=\"elementor-form\" id=\"houzez-form-8aa4050\" method=\"post\" name=\"Nuevo formulario\" action=\"https:\/\/immomg-es.com\/wp-admin\/admin-ajax.php\">\n            <input type=\"hidden\" name=\"form_id\" value=\"8aa4050\"\/>\n            <input type=\"hidden\" name=\"houzez_contact_form\" value=\"yes\"\/>\n            <input type=\"hidden\" name=\"action\" value=\"houzez_ele_contact_form\" \/>\n            <input type=\"hidden\" name=\"source_link\" value=\"https:\/\/immomg-es.com\/es\/sobre-mi\/\" \/>\n            <input type=\"hidden\" name=\"lead_page_id\" value=\"3282\" \/>\n            <input type=\"hidden\" name=\"email_to\" value=\"zoubairskiredj22@gmail.com\" \/>\n            <input type=\"hidden\" name=\"email_subject\" value=\"New message from &quot;envolfitness.com&quot;\" \/>\n            <input type=\"hidden\" name=\"email_to_cc\" value=\"\" \/>\n            <input type=\"hidden\" name=\"email_to_bcc\" value=\"\" \/>\n            <input type=\"hidden\" name=\"webhook\" value=\"false\" \/>\n            <input type=\"hidden\" name=\"webhook_url\" value=\"\" \/>\n            <input type=\"hidden\" name=\"redirect_to\" value=\"\" \/>\n            <input type=\"hidden\" name=\"google_recaptcha\" value=\"yes\" \/>\n            \n\n            <div class=\"elementor-form-fields-wrapper elementor-labels-above\">\n\n                                    <div class=\"elementor-field-group elementor-column form-group elementor-field-group-name elementor-col-100\">\n                    <label for=\"form-field-name\" class=\"elementor-field-label\">Nombre<\/label><input type=\"text\" name=\"name\" id=\"form-field-name\" class=\"elementor-field form-control elementor-size-sm elementor-field-textual\" placeholder=\"Nombre\" title=\"* Nombre\">                    <\/div>\n\n                                        <div class=\"elementor-field-group elementor-column form-group elementor-field-group-email elementor-col-100 elementor-field-required elementor-mark-required\">\n                    <label for=\"form-field-email\" class=\"elementor-field-label\">Correo electr\u00f3nico<\/label><input type=\"email\" name=\"email\" id=\"form-field-email\" class=\"elementor-field form-control elementor-size-sm elementor-field-textual\" placeholder=\"Correo electr\u00f3nico\" title=\"* Correo electr\u00f3nico\" required=\"required\">                    <\/div>\n\n                                        <div class=\"elementor-field-group elementor-column form-group elementor-field-group-message elementor-col-100\">\n                    <label for=\"form-field-message\" class=\"elementor-field-label\">Mensaje<\/label><textarea class=\"elementor-field-textual elementor-field elementor-size-sm\" name=\"message\" id=\"form-field-message\" rows=\"4\" placeholder=\"Mensaje\"><\/textarea>                    <\/div>\n\n                    \n                    \n                                        <div class=\"\">\n                        <div class=\"form-group captcha_wrapper houzez-grecaptcha-v3\">\n    <div class=\"houzez_google_reCaptcha\"><\/div>\n<\/div>\n                    <\/div>\n                    \n                    <div class=\"elementor-field-group elementor-column elementor-field-type-submit elementor-col-100\">\n                    <button type=\"submit\" class=\"btn houzez-submit-button houzez-contact-form-js elementor-button elementor-size-sm\">\n                        <i class=\"btn-loader houzez-loader-js\"><\/i>\n                                                    Soumettre                                            <\/button>\n                <\/div>\n            <\/div><!-- End wrapper-->\n            <br\/>\n            <div class=\"ele-form-messages\"><\/div>\n            <div class=\"error-container\"><\/div>\n\n        <\/form>\n\n    \t\t\t\t<\/div>\n\t\t\t\t<\/div>\n\t\t\t\t\t<\/div>\n\t\t\t\t<\/div>\n\t\t\t\t<\/div>\n\t\t","protected":false},"excerpt":{"rendered":"<p>C\u00f3mo trabajo Mi conocimiento del mercado inmobiliario de la Costa Brava me permite ofrecerle un asesoramiento s\u00f3lido y recomendaciones personalizadas. Estoy aqu\u00ed para apoyarle, responder a sus preguntas y prestarle un servicio durante e incluso despu\u00e9s de la transacci\u00f3n, ayud\u00e1ndole con detalles administrativos como la obtenci\u00f3n de un NIE, la apertura de una cuenta bancaria [&hellip;]<\/p>\n","protected":false},"author":1,"featured_media":0,"parent":0,"menu_order":0,"comment_status":"closed","ping_status":"closed","template":"elementor_header_footer","meta":{"om_disable_all_campaigns":false,"_monsterinsights_skip_tracking":false,"_monsterinsights_sitenote_active":false,"_monsterinsights_sitenote_note":"","_monsterinsights_sitenote_category":0,"_uf_show_specific_survey":0,"_uf_disable_surveys":false,"footnotes":""},"class_list":["post-3282","page","type-page","status-publish","hentry"],"aioseo_notices":[],"_links":{"self":[{"href":"https:\/\/immomg-es.com\/es\/wp-json\/wp\/v2\/pages\/3282","targetHints":{"allow":["GET"]}}],"collection":[{"href":"https:\/\/immomg-es.com\/es\/wp-json\/wp\/v2\/pages"}],"about":[{"href":"https:\/\/immomg-es.com\/es\/wp-json\/wp\/v2\/types\/page"}],"author":[{"embeddable":true,"href":"https:\/\/immomg-es.com\/es\/wp-json\/wp\/v2\/users\/1"}],"replies":[{"embeddable":true,"href":"https:\/\/immomg-es.com\/es\/wp-json\/wp\/v2\/comments?post=3282"}],"version-history":[{"count":14,"href":"https:\/\/immomg-es.com\/es\/wp-json\/wp\/v2\/pages\/3282\/revisions"}],"predecessor-version":[{"id":8712,"href":"https:\/\/immomg-es.com\/es\/wp-json\/wp\/v2\/pages\/3282\/revisions\/8712"}],"wp:attachment":[{"href":"https:\/\/immomg-es.com\/es\/wp-json\/wp\/v2\/media?parent=3282"}],"curies":[{"name":"wp","href":"https:\/\/api.w.org\/{rel}","templated":true}]}}