{"id":3294,"date":"2024-01-03T01:01:00","date_gmt":"2024-01-03T00:01:00","guid":{"rendered":"https:\/\/immomg-es.com\/condiciones-de-uso\/"},"modified":"2024-02-16T12:48:56","modified_gmt":"2024-02-16T11:48:56","slug":"condiciones-de-uso","status":"publish","type":"page","link":"https:\/\/immomg-es.com\/es\/condiciones-de-uso\/","title":{"rendered":"Condiciones de uso"},"content":{"rendered":"&#13;\n<h2 class=\"wp-block-heading\">Qui\u00e9nes somos<\/h2>&#13;\n<p>Texte sugg\u00e9r\u00e9 : L&#8217;adresse de notre site Web est : https:\/\/immomg-es.com.<\/p>&#13;\n<h2>Comentarios<\/h2>&#13;\n<p>Texte sugg\u00e9r\u00e9 : Lorsque les visiteurs laissent des commentaires sur le site, nous recueillons les donn\u00e9es affich\u00e9es dans le formulaire de commentaires, ainsi que l&#8217;adresse IP du visiteur et la cha\u00eene d&#8217;agents utilisateur du navigateur pour aider \u00e0 la d\u00e9tection de spam.<\/p>&#13;\n<p>Une cha\u00eene anonyme cr\u00e9\u00e9e \u00e0 partir de votre adresse e-mail (\u00e9galement appel\u00e9e hash) peut \u00eatre fournie au service Gravatar pour voir si vous l&#8217;utilisez. La politique de confidentialit\u00e9 du service Gravatar est disponible ici : https:\/\/automattic.com\/privacy\/. Apr\u00e8s approbation de votre commentaire, l&#8217;image de votre profil est visible publiquement dans le contexte de votre commentaire.<\/p>&#13;\n<h2>Medios de comunicaci\u00f3n<\/h2>&#13;\n<p>Texte sugg\u00e9r\u00e9 : Si vous t\u00e9l\u00e9chargez des images sur le site Web, vous devriez \u00e9viter de t\u00e9l\u00e9charger des images avec des donn\u00e9es de localisation (GPS EXIF) incluses. Les visiteurs du site peuvent t\u00e9l\u00e9charger et extraire toutes les donn\u00e9es de localisation des images sur le site.<\/p>&#13;\n<h2>Cookies<\/h2>&#13;\n<p>Texte sugg\u00e9r\u00e9 : Si vous laissez un commentaire sur notre site, vous pouvez choisir d&#8217;enregistrer votre nom, adresse e-mail et site Web dans des cookies. C&#8217;est pour votre commodit\u00e9, afin que vous n&#8217;ayez pas \u00e0 remplir \u00e0 nouveau vos informations lorsque vous laissez un autre commentaire. Ces cookies dureront un an.<\/p>&#13;\n<p>Si vous avez un compte et que vous vous connectez \u00e0 ce site, nous installerons un cookie temporaire pour d\u00e9terminer si votre navigateur accepte les cookies. Ce cookie ne contient pas de donn\u00e9es personnelles et est supprim\u00e9 lorsque vous fermez votre navigateur.<\/p>&#13;\n<p>Lorsque vous vous connectez, nous installerons \u00e9galement plusieurs cookies pour enregistrer vos informations de connexion et vos choix d&#8217;affichage d&#8217;\u00e9cran. Les cookies de connexion durent deux jours et les cookies d&#8217;options d&#8217;\u00e9cran durent un an. Si vous s\u00e9lectionnez \u00ab Se souvenir de moi \u00bb, votre connexion persistera pendant deux semaines. Si vous vous d\u00e9connectez de votre compte, les cookies de connexion seront supprim\u00e9s.<\/p>&#13;\n<p>Si vous \u00e9ditez ou publiez un article, un cookie suppl\u00e9mentaire sera enregistr\u00e9 dans votre navigateur. Ce cookie n&#8217;inclut pas de donn\u00e9es personnelles et indique simplement l&#8217;ID de l&#8217;article que vous venez d&#8217;\u00e9diter. Il expire apr\u00e8s 1 jour.<\/p>&#13;\n<h2>Contenidos integrados de otros sitios web<\/h2>&#13;\n<p>Texte sugg\u00e9r\u00e9 : Les articles sur ce site peuvent inclure du contenu int\u00e9gr\u00e9 (par exemple, vid\u00e9os, images, articles, etc.). Le contenu int\u00e9gr\u00e9 d&#8217;autres sites se comporte de la m\u00eame mani\u00e8re que si le visiteur avait visit\u00e9 l&#8217;autre site.<\/p>&#13;\n<p>Ces sites peuvent collecter des donn\u00e9es sur vous, utiliser des cookies, int\u00e9grer un suivi tiers suppl\u00e9mentaire, et surveiller votre interaction avec ce contenu int\u00e9gr\u00e9, y compris le suivi de votre interaction avec le contenu int\u00e9gr\u00e9 si vous avez un compte et \u00eates connect\u00e9 \u00e0 ce site.<\/p>&#13;\n<h2>Con qui\u00e9n compartimos sus datos<\/h2>&#13;\n<p>Texte sugg\u00e9r\u00e9 : Si vous demandez une r\u00e9initialisation de mot de passe, votre adresse IP sera incluse dans l&#8217;e-mail de r\u00e9initialisation.<\/p>&#13;\n<h2>\u00bfCu\u00e1nto tiempo conservamos sus datos?<\/h2>&#13;\n<p>Texte sugg\u00e9r\u00e9 : Si vous laissez un commentaire, le commentaire et ses m\u00e9tadonn\u00e9es sont conserv\u00e9s ind\u00e9finiment. Cela nous permet de reconna\u00eetre et d&#8217;approuver automatiquement tout commentaire de suivi au lieu de les garder dans une file d&#8217;attente de mod\u00e9ration.<\/p>&#13;\n<p>Pour les utilisateurs qui s&#8217;enregistrent sur notre site (le cas \u00e9ch\u00e9ant), nous stockons \u00e9galement les informations personnelles qu&#8217;ils fournissent dans leur profil utilisateur. Tous les utilisateurs peuvent voir, \u00e9diter ou supprimer leurs informations personnelles \u00e0 tout moment (sauf qu&#8217;ils ne peuvent pas changer leur nom d&#8217;utilisateur). Les administrateurs du site peuvent \u00e9galement voir et \u00e9diter ces informations.<\/p>&#13;\n<h2>\u00bfQu\u00e9 derechos tiene sobre sus datos?<\/h2>&#13;\n<p>Texte sugg\u00e9r\u00e9 : Si vous avez un compte ou si vous avez laiss\u00e9 des commentaires sur ce site, vous pouvez demander \u00e0 recevoir un fichier export\u00e9 des donn\u00e9es personnelles que nous d\u00e9tenons \u00e0 votre sujet, y compris toutes les donn\u00e9es que vous nous avez fournies. Vous pouvez \u00e9galement demander que nous effacions toutes les donn\u00e9es personnelles que nous d\u00e9tenons \u00e0 votre sujet. Cela n&#8217;inclut pas les donn\u00e9es que nous sommes tenus de conserver \u00e0 des fins administratives, l\u00e9gales ou de s\u00e9curit\u00e9.<\/p>&#13;\n<h2>D\u00f3nde se env\u00edan sus datos<\/h2>&#13;\n<p>Texte sugg\u00e9r\u00e9 : Les<\/p>&#13;\n<p>commentaires des visiteurs peuvent \u00eatre v\u00e9rifi\u00e9s par un service de d\u00e9tection automatique de spam.<\/p>&#13;\n","protected":false},"excerpt":{"rendered":"<p>&#13; Qui\u00e9nes somos &#13; Texte sugg\u00e9r\u00e9 : L&#8217;adresse de notre site Web est : https:\/\/immomg-es.com. &#13; Comentarios &#13; Texte sugg\u00e9r\u00e9 : Lorsque les visiteurs laissent des commentaires sur le site, nous recueillons les donn\u00e9es affich\u00e9es dans le formulaire de commentaires, ainsi que l&#8217;adresse IP du visiteur et la cha\u00eene d&#8217;agents utilisateur du navigateur pour aider [&hellip;]<\/p>\n","protected":false},"author":1,"featured_media":0,"parent":0,"menu_order":0,"comment_status":"closed","ping_status":"open","template":"","meta":{"om_disable_all_campaigns":false,"_monsterinsights_skip_tracking":false,"_monsterinsights_sitenote_active":false,"_monsterinsights_sitenote_note":"","_monsterinsights_sitenote_category":0,"_uf_show_specific_survey":0,"_uf_disable_surveys":false,"footnotes":""},"class_list":["post-3294","page","type-page","status-publish","hentry"],"aioseo_notices":[],"_links":{"self":[{"href":"https:\/\/immomg-es.com\/es\/wp-json\/wp\/v2\/pages\/3294","targetHints":{"allow":["GET"]}}],"collection":[{"href":"https:\/\/immomg-es.com\/es\/wp-json\/wp\/v2\/pages"}],"about":[{"href":"https:\/\/immomg-es.com\/es\/wp-json\/wp\/v2\/types\/page"}],"author":[{"embeddable":true,"href":"https:\/\/immomg-es.com\/es\/wp-json\/wp\/v2\/users\/1"}],"replies":[{"embeddable":true,"href":"https:\/\/immomg-es.com\/es\/wp-json\/wp\/v2\/comments?post=3294"}],"version-history":[{"count":1,"href":"https:\/\/immomg-es.com\/es\/wp-json\/wp\/v2\/pages\/3294\/revisions"}],"predecessor-version":[{"id":3295,"href":"https:\/\/immomg-es.com\/es\/wp-json\/wp\/v2\/pages\/3294\/revisions\/3295"}],"wp:attachment":[{"href":"https:\/\/immomg-es.com\/es\/wp-json\/wp\/v2\/media?parent=3294"}],"curies":[{"name":"wp","href":"https:\/\/api.w.org\/{rel}","templated":true}]}}